{"id":28,"date":"2024-01-05T17:32:39","date_gmt":"2024-01-05T17:32:39","guid":{"rendered":"https:\/\/sektion-spinola.de\/?page_id=28"},"modified":"2024-01-05T18:30:08","modified_gmt":"2024-01-05T18:30:08","slug":"historie","status":"publish","type":"page","link":"https:\/\/sektion-spinola.de\/?page_id=28","title":{"rendered":"Historie"},"content":{"rendered":"\n<div class=\"wp-block-media-text alignwide is-stacked-on-mobile\" style=\"grid-template-columns:31% auto\"><figure class=\"wp-block-media-text__media\"><img decoding=\"async\" loading=\"lazy\" width=\"435\" height=\"600\" src=\"https:\/\/sektion-spinola.de\/wp-content\/uploads\/2024\/01\/Studio_of_Peter_Paul_Rubens_-_Marquis_Ambrogio_Spinola-1.jpg\" alt=\"\" class=\"wp-image-30 size-full\" srcset=\"https:\/\/sektion-spinola.de\/wp-content\/uploads\/2024\/01\/Studio_of_Peter_Paul_Rubens_-_Marquis_Ambrogio_Spinola-1.jpg 435w, https:\/\/sektion-spinola.de\/wp-content\/uploads\/2024\/01\/Studio_of_Peter_Paul_Rubens_-_Marquis_Ambrogio_Spinola-1-218x300.jpg 218w\" sizes=\"(max-width: 435px) 100vw, 435px\" \/><\/figure><div class=\"wp-block-media-text__content\">\n<h2 class=\"wp-block-heading\">Ambrosius Spinola<\/h2>\n\n\n\n<p>Ambrosio Spinola war ein bedeutender italienischer Feldherr des 17. Jahrhunderts, der in den Diensten von K\u00f6nig Philipp III. von Spanien stand. Er erlangte gro\u00dfe Bekanntheit durch seine Rolle im Achtzigj\u00e4hrigen Krieg, einem langanhaltenden Konflikt zwischen Spanien und den niederl\u00e4ndischen Unabh\u00e4ngigkeitsk\u00e4mpfern. Im Jahr 1605 f\u00fchrte Spinola eine beeindruckende Streitmacht von 5.000 Reitern und 900 Fu\u00dfsoldaten, bestehend aus verschiedenen Nationalit\u00e4ten, an, um die Stadt Lingen zu erobern. Trotz der anf\u00e4nglichen Verteidigung durch die Niederl\u00e4nder gelang es ihm, die Stadt erfolgreich zu erobern.<\/p>\n\n\n\n<p>Neben seinen milit\u00e4rischen Erfolgen hatte Spinola auch einen nachhaltigen Einfluss auf die Stadt Lingen. Er f\u00fchrte Marktrechte ein und trug ma\u00dfgeblich zum Wiederaufbau innerst\u00e4dtischer Bereiche bei, was ihn zu einem angesehenen B\u00fcrger Lingens machte. Sein Name und seine Taten werden bis heute in der Region geehrt.<\/p>\n<\/div><\/div>\n\n\n\n<p><\/p>\n\n\n\n<p><\/p>\n\n\n\n<p><\/p>\n\n\n\n<div class=\"wp-block-media-text alignwide has-media-on-the-right is-stacked-on-mobile\"><div class=\"wp-block-media-text__content\">\n<h2 class=\"wp-block-heading\">Kivelingssektion Feldherr Spinola<\/h2>\n\n\n\n<p>Die Kivelingssektion Feldherr Spinola ist eine traditionsreiche Gemeinschaft, die ihren Namen von Ambrosio Spinola, einem italienischen Feldherren des 17. Jahrhunderts, ableitet. Die Sektion wurde im Jahr 1977 wiedergegr\u00fcndet, besteht aus rund 30 Mitgliedern im Alter von 16 bis 35 Jahren und wird von charmanten Marketenderinnen unterst\u00fctzt.<\/p>\n\n\n\n<p>Die Mitglieder der Sektion sind das ganze Jahr \u00fcber aktiv und organisieren vereinsinterne Aktivit\u00e4ten sowie regelm\u00e4\u00dfige Sektionsversammlungen. Sie setzen sich nicht nur w\u00e4hrend des Kivelingsfestes, sondern auch dar\u00fcber hinaus f\u00fcr die Stadt und die Region ein. Ihr Feldlager w\u00e4hrend des historischen Volksfestes befindet sich in der Burgstra\u00dfe, wo sie traditionelle Darbietungen pr\u00e4sentieren und an ihren Namensgeber erinnern.<\/p>\n\n\n\n<p>Die Sektion Feldherr Spinola pflegt nicht nur die Erinnerung an die Geschichte von Lingen und Ambrosio Spinola, sondern auch den starken Zusammenhalt innerhalb der Kivelingssektion. Sie leisten einen wichtigen Beitrag zum Kivelingsfest und w\u00fcnschen allen G\u00e4sten fr\u00f6hliche Festtage in ihrer sch\u00f6nen Heimatstadt Lingen. Civis, Civis, Civibus!<\/p>\n\n\n\n<p><\/p>\n<\/div><figure class=\"wp-block-media-text__media\"><img decoding=\"async\" loading=\"lazy\" width=\"1024\" height=\"576\" src=\"https:\/\/sektion-spinola.de\/wp-content\/uploads\/2024\/01\/HK220605260-1024x576.jpg\" alt=\"\" class=\"wp-image-32 size-full\" srcset=\"https:\/\/sektion-spinola.de\/wp-content\/uploads\/2024\/01\/HK220605260-1024x576.jpg 1024w, https:\/\/sektion-spinola.de\/wp-content\/uploads\/2024\/01\/HK220605260-300x169.jpg 300w, https:\/\/sektion-spinola.de\/wp-content\/uploads\/2024\/01\/HK220605260-768x432.jpg 768w, https:\/\/sektion-spinola.de\/wp-content\/uploads\/2024\/01\/HK220605260-1536x864.jpg 1536w, https:\/\/sektion-spinola.de\/wp-content\/uploads\/2024\/01\/HK220605260-2048x1152.jpg 2048w\" sizes=\"(max-width: 1024px) 100vw, 1024px\" \/><\/figure><\/div>\n","protected":false},"excerpt":{"rendered":"<p>Ambrosius Spinola Ambrosio Spinola war ein bedeutender italienischer Feldherr des 17. Jahrhunderts, der in den Diensten von K\u00f6nig Philipp III. von Spanien stand. Er erlangte gro\u00dfe Bekanntheit durch seine Rolle im Achtzigj\u00e4hrigen Krieg, einem langanhaltenden Konflikt zwischen Spanien und den niederl\u00e4ndischen Unabh\u00e4ngigkeitsk\u00e4mpfern. Im Jahr 1605 f\u00fchrte Spinola eine beeindruckende Streitmacht von 5.000 Reitern und 900 [&hellip;]<\/p>\n","protected":false},"author":1,"featured_media":0,"parent":0,"menu_order":0,"comment_status":"closed","ping_status":"closed","template":"","meta":[],"_links":{"self":[{"href":"https:\/\/sektion-spinola.de\/index.php?rest_route=\/wp\/v2\/pages\/28"}],"collection":[{"href":"https:\/\/sektion-spinola.de\/index.php?rest_route=\/wp\/v2\/pages"}],"about":[{"href":"https:\/\/sektion-spinola.de\/index.php?rest_route=\/wp\/v2\/types\/page"}],"author":[{"embeddable":true,"href":"https:\/\/sektion-spinola.de\/index.php?rest_route=\/wp\/v2\/users\/1"}],"replies":[{"embeddable":true,"href":"https:\/\/sektion-spinola.de\/index.php?rest_route=%2Fwp%2Fv2%2Fcomments&post=28"}],"version-history":[{"count":4,"href":"https:\/\/sektion-spinola.de\/index.php?rest_route=\/wp\/v2\/pages\/28\/revisions"}],"predecessor-version":[{"id":56,"href":"https:\/\/sektion-spinola.de\/index.php?rest_route=\/wp\/v2\/pages\/28\/revisions\/56"}],"wp:attachment":[{"href":"https:\/\/sektion-spinola.de\/index.php?rest_route=%2Fwp%2Fv2%2Fmedia&parent=28"}],"curies":[{"name":"wp","href":"https:\/\/api.w.org\/{rel}","templated":true}]}}